{"id":771,"date":"2018-09-18T09:02:45","date_gmt":"2018-09-18T09:02:45","guid":{"rendered":"https:\/\/kalkem.si\/?page_id=771"},"modified":"2020-11-17T09:16:52","modified_gmt":"2020-11-17T08:16:52","slug":"about","status":"publish","type":"page","link":"https:\/\/kalkem.si\/?page_id=771","title":{"rendered":"ABOUT"},"content":{"rendered":"<p style=\"font-weight: 400;\">Podjetje<span>\u00a0<\/span><strong>KALKEM, d.o.o., Podre\u010da<\/strong>, je dru\u017einsko podjetje ustanovljeno leta 1990. Podjetje je registrirano za opravljanje dejavnosti trgovine, posredovanja, projektiranja, in\u017eeniringa, proizvodnje in konzultantskih uslug.<\/p>\n<p style=\"font-weight: 400;\">V letu 2008 smo svoje znanje za\u010deli vklju\u010devati tudi v projektiranje NIZKOENERGIJSKIH in<span>\u00a0<\/span><strong>PASIVNIH stavb<\/strong>.<\/p>\n<p style=\"font-weight: 400;\">Od<span>\u00a0<\/span>\u00a0leta 2010 je projektiranje in gradnja NIZKOENERGIJSKIH ter PASIVNIH objektov postala \u00bbSTANDARDNA\u00ab gradnja.<\/p>\n<p style=\"font-weight: 400;\">Ve\u010dina projektov (gradnja pasivne stanovanjske hi\u0161e) je bila poslana na<span>\u00a0<\/span><strong>EKOSKLAD<\/strong>, kjer so vsem investitorjem na podlagi na\u0161ih na\u010drtov s podro\u010dja STOJNI\u0160TVA odobrili nepovratna sredstva. Do leta 2020 smo sprojektirali \u017ee<span>\u00a0<\/span><strong>ve\u010d kot 150 nizkoenergijskih ali pasivnih<\/strong><span>\u00a0<\/span>stanovanjskih hi\u0161.<\/p>\n<hr \/>\n<p style=\"font-weight: 400;\"><b>SMERNICE pri IZDELAVI NA\u010cRTOV s podro\u010dja STOJNI\u0160TVA<\/b><\/p>\n<p style=\"font-weight: 400;\">Vsi na\u0161i na\u010drti so usmerjeni v prihodnost, kar v na\u0161ih o\u010deh pomeni var\u010devanje energije in to na vseh podro\u010djih:<\/p>\n<p style=\"font-weight: 400;\">&#8211; pasivna in aktivna<strong><span>\u00a0<\/span>izraba sonca<\/strong><span>\u00a0<\/span>(priprava sanitarne tople vode, pomo\u010d pri ogrevanju),<\/p>\n<p style=\"font-weight: 400;\">&#8211; uporaba biomase &#8211;<span>\u00a0<\/span><strong>kotli na uplinjevanje<\/strong><span>\u00a0<\/span>(edina energija ki jo Slovenija izva\u017ea),<\/p>\n<p style=\"font-weight: 400;\">&#8211; uporaba alternativnih virov &#8211;<span>\u00a0<\/span><strong>T\u010c<span>\u00a0<\/span><\/strong>(voda, zemlja, zrak),<\/p>\n<p style=\"font-weight: 400;\">&#8211; uporaba<span>\u00a0<\/span><strong>de\u017eevnice<\/strong><span>\u00a0<\/span>(zalivanje, pranje in pomivanje, splakovanje),<\/p>\n<p style=\"font-weight: 400;\">&#8211; prezra\u010devanje z<span>\u00a0<\/span><strong>rekuperacijo toplote<\/strong><span>\u00a0<\/span>in<span>\u00a0<\/span><strong>vra\u010danjem vlage<\/strong>,<\/p>\n<p style=\"font-weight: 400;\">&#8211; prezra\u010devanje in klimatizacija z uporabo<span>\u00a0<\/span><strong>adiabatskega hlajenja<\/strong><span>\u00a0<\/span>odpadnega zraka,<\/p>\n<p style=\"font-weight: 400;\">&#8211; uporaba SPTE naprav (<strong>kogeneracija<\/strong>) na ZP (<strong>zemeljski plin<\/strong>), OTTO motor,<\/p>\n<p style=\"font-weight: 400;\">&#8211; uporaba SPTE naprav (<strong>kogeneracija<\/strong>) na BIO (<strong>bio plin<\/strong>), STIRLING motor,<\/p>\n<p style=\"font-weight: 400;\">&#8211; uporaba SPTE naprav (<strong>kogeneracija<\/strong>) na lesno biomaso (<strong>sekance<\/strong>), OTTO in DIESEL motor.<\/p>\n<hr \/>\n<p style=\"font-weight: 400;\"><b>SMERNICE pri IZDELAVI<span>\u00a0<\/span><\/b><b>NA\u010cRTOV KOMUNALNE INFRASTRUKTURE<\/b><\/p>\n<p style=\"font-weight: 400;\">Vsi na\u0161i na\u010drti komunalne infrastrukture (vodovod, kanalizacija, \u010distilne naprave) so usmerjeni v prihodnost, kar v na\u0161ih o\u010deh pomeni var\u010devanje pri:<\/p>\n<p style=\"font-weight: 400;\">&#8211; investiciji,<\/p>\n<p style=\"font-weight: 400;\">&#8211; obratovanju in vzdr\u017eevanju,<\/p>\n<p style=\"font-weight: 400;\">&#8211; porabi energije<span>\u00a0<\/span>za obratovanje.<\/p>\n<hr \/>\n<p style=\"font-weight: 400;\"><b>VIZIJA\u00a0 PODJETJA<\/b><\/p>\n<p style=\"font-weight: 400;\">Vsi na\u0161i na\u010drti so usmerjeni v prihodnost, kar v na\u0161ih o\u010deh pomeni var\u010devanje energije glede na zadnje stanje gradbene, strojne in tehnolo\u0161ke tehnike.<\/p>\n<p style=\"font-weight: 400;\">Z na\u010drtovanjem se pribli\u017eujemo <strong>skoraj ni\u010d energijskim objektom<\/strong>.<\/p>\n","protected":false},"excerpt":{"rendered":"<p>Podjetje\u00a0KALKEM, d.o.o., Podre\u010da, je dru\u017einsko podjetje ustanovljeno leta 1990. Podjetje je registrirano za opravljanje dejavnosti trgovine, posredovanja, projektiranja, in\u017eeniringa, proizvodnje in konzultantskih uslug. V letu 2008 smo svoje znanje za\u010deli vklju\u010devati tudi v projektiranje NIZKOENERGIJSKIH in\u00a0PASIVNIH stavb. Od\u00a0\u00a0leta 2010 je projektiranje in gradnja NIZKOENERGIJSKIH ter PASIVNIH objektov postala \u00bbSTANDARDNA\u00ab gradnja. [&hellip;]<\/p>\n","protected":false},"author":1,"featured_media":787,"parent":0,"menu_order":0,"comment_status":"closed","ping_status":"closed","template":"","meta":[],"_links":{"self":[{"href":"https:\/\/kalkem.si\/index.php?rest_route=\/wp\/v2\/pages\/771"}],"collection":[{"href":"https:\/\/kalkem.si\/index.php?rest_route=\/wp\/v2\/pages"}],"about":[{"href":"https:\/\/kalkem.si\/index.php?rest_route=\/wp\/v2\/types\/page"}],"author":[{"embeddable":true,"href":"https:\/\/kalkem.si\/index.php?rest_route=\/wp\/v2\/users\/1"}],"replies":[{"embeddable":true,"href":"https:\/\/kalkem.si\/index.php?rest_route=%2Fwp%2Fv2%2Fcomments&post=771"}],"version-history":[{"count":3,"href":"https:\/\/kalkem.si\/index.php?rest_route=\/wp\/v2\/pages\/771\/revisions"}],"predecessor-version":[{"id":851,"href":"https:\/\/kalkem.si\/index.php?rest_route=\/wp\/v2\/pages\/771\/revisions\/851"}],"wp:featuredmedia":[{"embeddable":true,"href":"https:\/\/kalkem.si\/index.php?rest_route=\/wp\/v2\/media\/787"}],"wp:attachment":[{"href":"https:\/\/kalkem.si\/index.php?rest_route=%2Fwp%2Fv2%2Fmedia&parent=771"}],"curies":[{"name":"wp","href":"https:\/\/api.w.org\/{rel}","templated":true}]}}