{"id":17,"date":"2018-09-18T09:05:39","date_gmt":"2018-09-18T09:05:39","guid":{"rendered":"https:\/\/kalkem.si\/?page_id=17"},"modified":"2020-11-17T09:16:14","modified_gmt":"2020-11-17T08:16:14","slug":"services","status":"publish","type":"page","link":"https:\/\/kalkem.si\/?page_id=17","title":{"rendered":"SERVISES"},"content":{"rendered":"<p style=\"font-weight: 400;\"><b>SPLO\u0160NO<\/b><\/p>\n<p style=\"font-weight: 400;\">Glavna dejavnost je<span>\u00a0<\/span><strong>PROJEKTIRANJE<\/strong>,<span>\u00a0<\/span><strong>SVETOVANJE<\/strong><span>\u00a0<\/span>in<span>\u00a0<\/span><strong>STROKOVNI NADZOR <\/strong>nad gradnjo.<\/p>\n<hr \/>\n<p style=\"font-weight: 400;\">Izdelujemo naslednje vrste<span>\u00a0<\/span>projektne dokumentacije:<\/p>\n<p style=\"font-weight: 400;\">&#8211; IZP (idejna zasnova za pridobitev projektnih in drugih pogojev),<\/p>\n<p style=\"font-weight: 400;\">&#8211; DGD (dokumentacija za pridobitev mnenj in gradbenega dovoljenja),<\/p>\n<p style=\"font-weight: 400;\">&#8211; PZI (dokumentacija za izvedbo gradnje),<\/p>\n<p style=\"font-weight: 400;\">&#8211; PID (dokumentacija izvedenih del).<\/p>\n<hr \/>\n<p style=\"font-weight: 400;\">Izdelujemo naslednje na\u010drte:<\/p>\n<p style=\"font-weight: 400;\">&#8211; s podro\u010dja strojni\u0161tva,<\/p>\n<p style=\"font-weight: 400;\">&#8211; s podor\u010dja tehnologije.<\/p>\n<hr \/>\n<p style=\"font-weight: 400;\">Izdelujemo tudi:<\/p>\n<p style=\"font-weight: 400;\">&#8211; elaborat gradbene fizike in\u00a0izkaz energijskih lastnosti stavbe,<\/p>\n<p style=\"font-weight: 400;\">&#8211; izkaz energijskih karakteristik prezra\u010devanja stavbe.<\/p>\n<hr \/>\n<p style=\"font-weight: 400;\"><b>PROJEKTIRANJE S PODRO\u010cJA STROJNI\u0160TVA<\/b><\/p>\n<p style=\"font-weight: 400;\">Za novogradnje, rekonstrukcije, spremembe namembnosti, vzdr\u017eevalna dela:<\/p>\n<p style=\"font-weight: 400;\">&#8211; stanovanjske hi\u0161e,<\/p>\n<p style=\"font-weight: 400;\">&#8211; gostinske lokale,<\/p>\n<p style=\"font-weight: 400;\">&#8211; objekte za nastanitev (gosti\u0161\u010da, hoteli),<\/p>\n<p style=\"font-weight: 400;\">&#8211; poslovne prostore,<\/p>\n<p style=\"font-weight: 400;\">&#8211; proizvodne prostore,<\/p>\n<p style=\"font-weight: 400;\">&#8211; skladi\u0161\u010da.<\/p>\n<hr \/>\n<p style=\"font-weight: 400;\">Projektiranje objektov obsega:<\/p>\n<p style=\"font-weight: 400;\">&#8211;<span>\u00a0<\/span>ogrevanje,<\/p>\n<p style=\"font-weight: 400;\">&#8211;<span>\u00a0<\/span>prezra\u010devanje,<\/p>\n<p style=\"font-weight: 400;\">&#8211;<span> <\/span>hlajenje,<\/p>\n<p style=\"font-weight: 400;\">&#8211;<span>\u00a0<\/span>notranji vodovod in vertikalno kanalizacijo,<\/p>\n<p style=\"font-weight: 400;\">&#8211;<span>\u00a0<\/span>notranjo plinsko napeljavo (zemeljski plin ter UNP),<\/p>\n<p style=\"font-weight: 400;\">&#8211; komprimiran (stisnjen) zrak,<\/p>\n<p style=\"font-weight: 400;\">&#8211; priklju\u010dke na javno infrastrukturo (vodovod, plinovod, vro\u010devod)<\/p>\n<hr \/>\n<p style=\"font-weight: 400;\"><b>PROJEKTIRANJE KANALIZACIJE<\/b><b><span>\u00a0<\/span>(fekalna in meteorna kanalizacija)<\/b><\/p>\n<p style=\"font-weight: 400;\">Projektiranje za novogradnje in rekonstrukcije objektov:<\/p>\n<p style=\"font-weight: 400;\">&#8211; javni kanalizacijski sistemi,<\/p>\n<p style=\"font-weight: 400;\">&#8211; interni kanalizacijski sistemi,<\/p>\n<p style=\"font-weight: 400;\">&#8211; priklju\u010dki na javno kanalizacijo.<\/p>\n<hr \/>\n<p style=\"font-weight: 400;\"><b>PROJEKTIRANJE BIOLO\u0160KIH in INDUSTRIJSKIH \u010cISTILNIH NAPRAV<\/b><\/p>\n<p style=\"font-weight: 400;\">Projektiranje za novogradnje in rekonstrukcije objektov:<\/p>\n<p style=\"font-weight: 400;\">&#8211; klasi\u010dne biolo\u0161ke \u010distilne naprave z aktivnim blatom,<\/p>\n<p style=\"font-weight: 400;\">&#8211; kombinirane biolo\u0161ke \u010distilne naprave z aktivnim blatom (BIOCOS),<\/p>\n<p style=\"font-weight: 400;\">&#8211; SBR biolo\u0161ke \u010distilne naprave z aktivnim blatom.<\/p>\n<hr \/>\n<p style=\"font-weight: 400;\"><b>PROJEKTIRANJE<span>\u00a0<\/span><\/b><b>DEPONIJ-ODLAGALI\u0160\u010c ODPADKOV<\/b><\/p>\n<p style=\"font-weight: 400;\">Izdelava projektne dokumentacije.<\/p>\n<hr \/>\n<p style=\"font-weight: 400;\"><b>PROJEKTIRANJE<span>\u00a0<\/span><\/b><b>TEHNOLO\u0160KIH LINIJ<\/b><\/p>\n<p style=\"font-weight: 400;\">Izdelava projektne dokumentacije za pridobitev dovoljenj na podlagi prejete tehnologije s strani investitorja.<\/p>\n<p style=\"font-weight: 400;\">\n","protected":false},"excerpt":{"rendered":"<p>SPLO\u0160NO Glavna dejavnost je\u00a0PROJEKTIRANJE,\u00a0SVETOVANJE\u00a0in\u00a0STROKOVNI NADZOR nad gradnjo. Izdelujemo naslednje vrste\u00a0projektne dokumentacije: &#8211; IZP (idejna zasnova za pridobitev projektnih in drugih pogojev), &#8211; DGD (dokumentacija za pridobitev mnenj in gradbenega dovoljenja), &#8211; PZI (dokumentacija za izvedbo gradnje), &#8211; PID (dokumentacija izvedenih del). Izdelujemo naslednje na\u010drte: &#8211; s podro\u010dja strojni\u0161tva, &#8211; s [&hellip;]<\/p>\n","protected":false},"author":1,"featured_media":782,"parent":0,"menu_order":0,"comment_status":"closed","ping_status":"closed","template":"","meta":[],"_links":{"self":[{"href":"https:\/\/kalkem.si\/index.php?rest_route=\/wp\/v2\/pages\/17"}],"collection":[{"href":"https:\/\/kalkem.si\/index.php?rest_route=\/wp\/v2\/pages"}],"about":[{"href":"https:\/\/kalkem.si\/index.php?rest_route=\/wp\/v2\/types\/page"}],"author":[{"embeddable":true,"href":"https:\/\/kalkem.si\/index.php?rest_route=\/wp\/v2\/users\/1"}],"replies":[{"embeddable":true,"href":"https:\/\/kalkem.si\/index.php?rest_route=%2Fwp%2Fv2%2Fcomments&post=17"}],"version-history":[{"count":10,"href":"https:\/\/kalkem.si\/index.php?rest_route=\/wp\/v2\/pages\/17\/revisions"}],"predecessor-version":[{"id":850,"href":"https:\/\/kalkem.si\/index.php?rest_route=\/wp\/v2\/pages\/17\/revisions\/850"}],"wp:featuredmedia":[{"embeddable":true,"href":"https:\/\/kalkem.si\/index.php?rest_route=\/wp\/v2\/media\/782"}],"wp:attachment":[{"href":"https:\/\/kalkem.si\/index.php?rest_route=%2Fwp%2Fv2%2Fmedia&parent=17"}],"curies":[{"name":"wp","href":"https:\/\/api.w.org\/{rel}","templated":true}]}}