{"id":15,"date":"2018-09-18T09:04:39","date_gmt":"2018-09-18T09:04:39","guid":{"rendered":"https:\/\/kalkem.si\/?page_id=15"},"modified":"2020-11-17T09:13:58","modified_gmt":"2020-11-17T08:13:58","slug":"contact","status":"publish","type":"page","link":"https:\/\/kalkem.si\/?page_id=15","title":{"rendered":"CONTACT"},"content":{"rendered":"\n<figure class=\"wp-block-image size-large\"><img loading=\"lazy\" width=\"1024\" height=\"211\" src=\"https:\/\/kalkem.si\/wp-content\/uploads\/2020\/11\/kalkem-logo-1024x211.jpg\" alt=\"\" class=\"wp-image-797\" srcset=\"https:\/\/kalkem.si\/wp-content\/uploads\/2020\/11\/kalkem-logo-1024x211.jpg 1024w, https:\/\/kalkem.si\/wp-content\/uploads\/2020\/11\/kalkem-logo-300x62.jpg 300w, https:\/\/kalkem.si\/wp-content\/uploads\/2020\/11\/kalkem-logo-768x158.jpg 768w, https:\/\/kalkem.si\/wp-content\/uploads\/2020\/11\/kalkem-logo.jpg 1165w\" sizes=\"(max-width: 1024px) 100vw, 1024px\" \/><\/figure>\n\n\n\n<hr class=\"wp-block-separator\"\/>\n\n\n\n<p class=\"has-medium-font-size\"><strong>KALKEM, d.o.o., Podre\u010da<\/strong><\/p>\n\n\n\n<p><strong>Podre\u010da 115, 4211 Mav\u010di\u010de<\/strong><\/p>\n\n\n\n<p><strong>+ 386 (0)4 250 55 75<\/strong><\/p>\n\n\n\n<p><a href=\"mailto:info@kalkem.si\">info@kalkem.si<\/a><\/p>\n\n\n\n<p><\/p>\n","protected":false},"excerpt":{"rendered":"<p>KALKEM, d.o.o., Podre\u010da Podre\u010da 115, 4211 Mav\u010di\u010de + 386 (0)4 250 55 75 info@kalkem.si<\/p>\n","protected":false},"author":1,"featured_media":779,"parent":0,"menu_order":0,"comment_status":"closed","ping_status":"closed","template":"","meta":[],"_links":{"self":[{"href":"https:\/\/kalkem.si\/index.php?rest_route=\/wp\/v2\/pages\/15"}],"collection":[{"href":"https:\/\/kalkem.si\/index.php?rest_route=\/wp\/v2\/pages"}],"about":[{"href":"https:\/\/kalkem.si\/index.php?rest_route=\/wp\/v2\/types\/page"}],"author":[{"embeddable":true,"href":"https:\/\/kalkem.si\/index.php?rest_route=\/wp\/v2\/users\/1"}],"replies":[{"embeddable":true,"href":"https:\/\/kalkem.si\/index.php?rest_route=%2Fwp%2Fv2%2Fcomments&post=15"}],"version-history":[{"count":10,"href":"https:\/\/kalkem.si\/index.php?rest_route=\/wp\/v2\/pages\/15\/revisions"}],"predecessor-version":[{"id":847,"href":"https:\/\/kalkem.si\/index.php?rest_route=\/wp\/v2\/pages\/15\/revisions\/847"}],"wp:featuredmedia":[{"embeddable":true,"href":"https:\/\/kalkem.si\/index.php?rest_route=\/wp\/v2\/media\/779"}],"wp:attachment":[{"href":"https:\/\/kalkem.si\/index.php?rest_route=%2Fwp%2Fv2%2Fmedia&parent=15"}],"curies":[{"name":"wp","href":"https:\/\/api.w.org\/{rel}","templated":true}]}}